{"id":1885,"date":"2020-10-04T13:22:24","date_gmt":"2020-10-04T12:22:24","guid":{"rendered":"https:\/\/fondettes-naurod.eu\/jumelage\/?page_id=1885"},"modified":"2020-12-10T21:47:32","modified_gmt":"2020-12-10T20:47:32","slug":"wiesbaden","status":"publish","type":"page","link":"https:\/\/fondettes-naurod.eu\/jumelage\/?page_id=1885","title":{"rendered":"Wiesbaden"},"content":{"rendered":"\n<figure class=\"wp-block-gallery columns-1 is-cropped wp-block-gallery-1 is-layout-flex wp-block-gallery-is-layout-flex\"><ul class=\"blocks-gallery-grid\"><li class=\"blocks-gallery-item\"><figure><img decoding=\"async\" src=\"https:\/\/fondettes-naurod.eu\/jumelage\/wp-content\/uploads\/2020\/12\/wiesbaden-vue-aerienne.jpg\" alt=\"\" data-id=\"2098\" data-full-url=\"https:\/\/fondettes-naurod.eu\/jumelage\/wp-content\/uploads\/2020\/12\/wiesbaden-vue-aerienne.jpg\" data-link=\"https:\/\/fondettes-naurod.eu\/jumelage\/?attachment_id=2098\" class=\"wp-image-2098\"\/><\/figure><\/li><\/ul><\/figure>\n\n\n\n<p><strong>Wiesbaden <\/strong>est la capitale de la&nbsp;Hesse.<\/p>\n\n\n\n<p>C\u2019est une des plus anciennes&nbsp;villes thermales d\u2019origine romaine en Europe. Surnomm\u00e9e la \u00ab&nbsp;Nice du nord&nbsp;\u00bb, en raison de son climat particuli\u00e8rement doux, elle poss\u00e8de 26&nbsp;sources d\u2019eau chaude qui en ont fait au 18<sup>\u00e8me<\/sup> et 19<sup>\u00e8me<\/sup> si\u00e8cle un haut lieu de vill\u00e9giature en Europe pour l\u2019aristocratie et la haute bourgeoisie. Wiesbaden compte parmi les villes les plus riches d\u2019Allemagne, sa population avoisine 290 000 habitants.<\/p>\n\n\n\n<figure class=\"wp-block-image size-large\"><img loading=\"lazy\" decoding=\"async\" width=\"886\" height=\"484\" src=\"https:\/\/fondettes-naurod.eu\/jumelage\/wp-content\/uploads\/2020\/12\/Casino-et-thermes-de-Wiesbaden.jpg\" alt=\"\" class=\"wp-image-2133\" srcset=\"https:\/\/fondettes-naurod.eu\/jumelage\/wp-content\/uploads\/2020\/12\/Casino-et-thermes-de-Wiesbaden.jpg 886w, https:\/\/fondettes-naurod.eu\/jumelage\/wp-content\/uploads\/2020\/12\/Casino-et-thermes-de-Wiesbaden-300x164.jpg 300w, https:\/\/fondettes-naurod.eu\/jumelage\/wp-content\/uploads\/2020\/12\/Casino-et-thermes-de-Wiesbaden-768x420.jpg 768w\" sizes=\"auto, (max-width: 886px) 100vw, 886px\" \/><\/figure>\n\n\n\n<p>Proche de Mayence et de Franckfort, Wiesbaden se situe sur la rive droite de la vall\u00e9e du Rhin, c\u00e9l\u00e8bre pour ses vignobles du Rheingau.<\/p>\n\n\n\n<figure class=\"wp-block-image size-large is-resized\"><img loading=\"lazy\" decoding=\"async\" src=\"https:\/\/fondettes-naurod.eu\/jumelage\/wp-content\/uploads\/2020\/12\/Rheingau-1.jpg\" alt=\"\" class=\"wp-image-2149\" width=\"579\" height=\"371\" srcset=\"https:\/\/fondettes-naurod.eu\/jumelage\/wp-content\/uploads\/2020\/12\/Rheingau-1.jpg 425w, https:\/\/fondettes-naurod.eu\/jumelage\/wp-content\/uploads\/2020\/12\/Rheingau-1-300x192.jpg 300w\" sizes=\"auto, (max-width: 579px) 100vw, 579px\" \/><\/figure>\n\n\n\n<p>Le centre-ville de style classique se compose de grandes maisons d\u2019apparat, construites &nbsp;\u00e0 la fin du 19\u00e8me si\u00e8cle par les familles fortun\u00e9es.<\/p>\n\n\n\n<p>Wiesbaden comptait en 2012 plus de 17% de population \u00e9trang\u00e8re&nbsp;; elle entretien aujourd\u2019hui des relations internationales, \u00e0 travers sa politique de jumelage, avec 14 villes dans le monde, dont Fondettes suite \u00e0 l\u2019int\u00e9gration de&nbsp; Naurod en qualit\u00e9 d\u2019arrondissement.<\/p>\n\n\n\n<h2 class=\"wp-block-heading\">Wiesbaden en images &#8230;<\/h2>\n\n\n\n<figure class=\"wp-block-gallery columns-3 is-cropped wp-block-gallery-2 is-layout-flex wp-block-gallery-is-layout-flex\"><ul class=\"blocks-gallery-grid\"><li class=\"blocks-gallery-item\"><figure><img loading=\"lazy\" decoding=\"async\" width=\"220\" height=\"264\" src=\"https:\/\/fondettes-naurod.eu\/jumelage\/wp-content\/uploads\/2020\/12\/220px-Wiesbaden_Bonifatius_Church.jpg\" alt=\"\" data-id=\"2136\" data-full-url=\"https:\/\/fondettes-naurod.eu\/jumelage\/wp-content\/uploads\/2020\/12\/220px-Wiesbaden_Bonifatius_Church.jpg\" data-link=\"https:\/\/fondettes-naurod.eu\/jumelage\/?attachment_id=2136\" class=\"wp-image-2136\"\/><\/figure><\/li><li class=\"blocks-gallery-item\"><figure><img loading=\"lazy\" decoding=\"async\" width=\"350\" height=\"232\" src=\"https:\/\/fondettes-naurod.eu\/jumelage\/wp-content\/uploads\/2020\/12\/1213982429.jpg\" alt=\"\" data-id=\"2137\" data-full-url=\"https:\/\/fondettes-naurod.eu\/jumelage\/wp-content\/uploads\/2020\/12\/1213982429.jpg\" data-link=\"https:\/\/fondettes-naurod.eu\/jumelage\/?attachment_id=2137\" class=\"wp-image-2137\" srcset=\"https:\/\/fondettes-naurod.eu\/jumelage\/wp-content\/uploads\/2020\/12\/1213982429.jpg 350w, https:\/\/fondettes-naurod.eu\/jumelage\/wp-content\/uploads\/2020\/12\/1213982429-300x199.jpg 300w\" sizes=\"auto, (max-width: 350px) 100vw, 350px\" \/><\/figure><\/li><li class=\"blocks-gallery-item\"><figure><img loading=\"lazy\" decoding=\"async\" width=\"885\" height=\"664\" src=\"https:\/\/fondettes-naurod.eu\/jumelage\/wp-content\/uploads\/2020\/12\/Biebrich.jpg\" alt=\"\" data-id=\"2138\" data-full-url=\"https:\/\/fondettes-naurod.eu\/jumelage\/wp-content\/uploads\/2020\/12\/Biebrich.jpg\" data-link=\"https:\/\/fondettes-naurod.eu\/jumelage\/?attachment_id=2138\" class=\"wp-image-2138\" srcset=\"https:\/\/fondettes-naurod.eu\/jumelage\/wp-content\/uploads\/2020\/12\/Biebrich.jpg 885w, https:\/\/fondettes-naurod.eu\/jumelage\/wp-content\/uploads\/2020\/12\/Biebrich-300x225.jpg 300w, https:\/\/fondettes-naurod.eu\/jumelage\/wp-content\/uploads\/2020\/12\/Biebrich-768x576.jpg 768w, https:\/\/fondettes-naurod.eu\/jumelage\/wp-content\/uploads\/2020\/12\/Biebrich-800x600.jpg 800w\" sizes=\"auto, (max-width: 885px) 100vw, 885px\" \/><\/figure><\/li><li class=\"blocks-gallery-item\"><figure><img loading=\"lazy\" decoding=\"async\" width=\"1024\" height=\"683\" src=\"https:\/\/fondettes-naurod.eu\/jumelage\/wp-content\/uploads\/2020\/12\/Gare-de-Wiesbaden-1024x683.jpg\" alt=\"\" data-id=\"2139\" data-full-url=\"https:\/\/fondettes-naurod.eu\/jumelage\/wp-content\/uploads\/2020\/12\/Gare-de-Wiesbaden.jpg\" data-link=\"https:\/\/fondettes-naurod.eu\/jumelage\/?attachment_id=2139\" class=\"wp-image-2139\" srcset=\"https:\/\/fondettes-naurod.eu\/jumelage\/wp-content\/uploads\/2020\/12\/Gare-de-Wiesbaden-1024x683.jpg 1024w, https:\/\/fondettes-naurod.eu\/jumelage\/wp-content\/uploads\/2020\/12\/Gare-de-Wiesbaden-300x200.jpg 300w, https:\/\/fondettes-naurod.eu\/jumelage\/wp-content\/uploads\/2020\/12\/Gare-de-Wiesbaden-768x512.jpg 768w, https:\/\/fondettes-naurod.eu\/jumelage\/wp-content\/uploads\/2020\/12\/Gare-de-Wiesbaden.jpg 1200w\" sizes=\"auto, (max-width: 1024px) 100vw, 1024px\" \/><\/figure><\/li><li class=\"blocks-gallery-item\"><figure><img loading=\"lazy\" decoding=\"async\" width=\"1024\" height=\"685\" src=\"https:\/\/fondettes-naurod.eu\/jumelage\/wp-content\/uploads\/2020\/12\/Hotel-de-ville-Wiesbaden.jpg\" alt=\"\" data-id=\"2140\" data-full-url=\"https:\/\/fondettes-naurod.eu\/jumelage\/wp-content\/uploads\/2020\/12\/Hotel-de-ville-Wiesbaden.jpg\" data-link=\"https:\/\/fondettes-naurod.eu\/jumelage\/?attachment_id=2140\" class=\"wp-image-2140\" srcset=\"https:\/\/fondettes-naurod.eu\/jumelage\/wp-content\/uploads\/2020\/12\/Hotel-de-ville-Wiesbaden.jpg 1024w, https:\/\/fondettes-naurod.eu\/jumelage\/wp-content\/uploads\/2020\/12\/Hotel-de-ville-Wiesbaden-300x201.jpg 300w, https:\/\/fondettes-naurod.eu\/jumelage\/wp-content\/uploads\/2020\/12\/Hotel-de-ville-Wiesbaden-768x514.jpg 768w\" sizes=\"auto, (max-width: 1024px) 100vw, 1024px\" \/><\/figure><\/li><li class=\"blocks-gallery-item\"><figure><img loading=\"lazy\" decoding=\"async\" width=\"474\" height=\"336\" src=\"https:\/\/fondettes-naurod.eu\/jumelage\/wp-content\/uploads\/2020\/12\/Wiesbaden-Fontaine-de-Kochbrunnen.jpg\" alt=\"\" data-id=\"2141\" data-full-url=\"https:\/\/fondettes-naurod.eu\/jumelage\/wp-content\/uploads\/2020\/12\/Wiesbaden-Fontaine-de-Kochbrunnen.jpg\" data-link=\"https:\/\/fondettes-naurod.eu\/jumelage\/?attachment_id=2141\" class=\"wp-image-2141\" srcset=\"https:\/\/fondettes-naurod.eu\/jumelage\/wp-content\/uploads\/2020\/12\/Wiesbaden-Fontaine-de-Kochbrunnen.jpg 474w, https:\/\/fondettes-naurod.eu\/jumelage\/wp-content\/uploads\/2020\/12\/Wiesbaden-Fontaine-de-Kochbrunnen-300x213.jpg 300w\" sizes=\"auto, (max-width: 474px) 100vw, 474px\" \/><\/figure><\/li><li class=\"blocks-gallery-item\"><figure><img loading=\"lazy\" decoding=\"async\" width=\"283\" height=\"189\" src=\"https:\/\/fondettes-naurod.eu\/jumelage\/wp-content\/uploads\/2020\/12\/wiesbaden3.jpg\" alt=\"\" data-id=\"2142\" data-full-url=\"https:\/\/fondettes-naurod.eu\/jumelage\/wp-content\/uploads\/2020\/12\/wiesbaden3.jpg\" data-link=\"https:\/\/fondettes-naurod.eu\/jumelage\/?attachment_id=2142\" class=\"wp-image-2142\"\/><\/figure><\/li><li class=\"blocks-gallery-item\"><figure><img loading=\"lazy\" decoding=\"async\" width=\"283\" height=\"189\" src=\"https:\/\/fondettes-naurod.eu\/jumelage\/wp-content\/uploads\/2020\/12\/wiesbaden4.jpg\" alt=\"\" data-id=\"2143\" data-full-url=\"https:\/\/fondettes-naurod.eu\/jumelage\/wp-content\/uploads\/2020\/12\/wiesbaden4.jpg\" data-link=\"https:\/\/fondettes-naurod.eu\/jumelage\/?attachment_id=2143\" class=\"wp-image-2143\"\/><\/figure><\/li><li class=\"blocks-gallery-item\"><figure><img loading=\"lazy\" decoding=\"async\" width=\"283\" height=\"425\" src=\"https:\/\/fondettes-naurod.eu\/jumelage\/wp-content\/uploads\/2020\/12\/wiesbaden6-1.jpg\" alt=\"\" data-id=\"2144\" data-full-url=\"https:\/\/fondettes-naurod.eu\/jumelage\/wp-content\/uploads\/2020\/12\/wiesbaden6-1.jpg\" data-link=\"https:\/\/fondettes-naurod.eu\/jumelage\/?attachment_id=2144\" class=\"wp-image-2144\" srcset=\"https:\/\/fondettes-naurod.eu\/jumelage\/wp-content\/uploads\/2020\/12\/wiesbaden6-1.jpg 283w, https:\/\/fondettes-naurod.eu\/jumelage\/wp-content\/uploads\/2020\/12\/wiesbaden6-1-200x300.jpg 200w\" sizes=\"auto, (max-width: 283px) 100vw, 283px\" \/><\/figure><\/li><\/ul><\/figure>\n","protected":false},"excerpt":{"rendered":"<p>Wiesbaden est la capitale de la&nbsp;Hesse. C\u2019est une des plus anciennes&nbsp;villes thermales d\u2019origine romaine en &hellip; <\/p>\n","protected":false},"author":1,"featured_media":0,"parent":0,"menu_order":0,"comment_status":"closed","ping_status":"closed","template":"","meta":{"footnotes":""},"class_list":["post-1885","page","type-page","status-publish","hentry","latest_post"],"_links":{"self":[{"href":"https:\/\/fondettes-naurod.eu\/jumelage\/index.php?rest_route=\/wp\/v2\/pages\/1885","targetHints":{"allow":["GET"]}}],"collection":[{"href":"https:\/\/fondettes-naurod.eu\/jumelage\/index.php?rest_route=\/wp\/v2\/pages"}],"about":[{"href":"https:\/\/fondettes-naurod.eu\/jumelage\/index.php?rest_route=\/wp\/v2\/types\/page"}],"author":[{"embeddable":true,"href":"https:\/\/fondettes-naurod.eu\/jumelage\/index.php?rest_route=\/wp\/v2\/users\/1"}],"replies":[{"embeddable":true,"href":"https:\/\/fondettes-naurod.eu\/jumelage\/index.php?rest_route=%2Fwp%2Fv2%2Fcomments&post=1885"}],"version-history":[{"count":9,"href":"https:\/\/fondettes-naurod.eu\/jumelage\/index.php?rest_route=\/wp\/v2\/pages\/1885\/revisions"}],"predecessor-version":[{"id":2154,"href":"https:\/\/fondettes-naurod.eu\/jumelage\/index.php?rest_route=\/wp\/v2\/pages\/1885\/revisions\/2154"}],"wp:attachment":[{"href":"https:\/\/fondettes-naurod.eu\/jumelage\/index.php?rest_route=%2Fwp%2Fv2%2Fmedia&parent=1885"}],"curies":[{"name":"wp","href":"https:\/\/api.w.org\/{rel}","templated":true}]}}